{"id":92,"date":"2016-01-10T11:50:50","date_gmt":"2016-01-10T10:50:50","guid":{"rendered":"http:\/\/tagesmutter-in-graben-neudorf.de\/?page_id=92"},"modified":"2017-02-07T09:25:23","modified_gmt":"2017-02-07T08:25:23","slug":"zusammenarbeit-mit-den-eltern-in-der-kindertagespflege","status":"publish","type":"page","link":"https:\/\/tagesmutter-in-graben-neudorf.de\/?page_id=92","title":{"rendered":"Zusammenarbeit mit den Eltern in der Kindertagespflege"},"content":{"rendered":"<h2>Wie handhaben wir die Zusammenarbeit mit den Eltern im HonigTigeR<\/h2>\n<p>F\u00fcr die p\u00e4dagogische Arbeit ist die Erziehungspartnerschaft zwischen Ihnen und uns unabdingbar. Erziehungsberechtigte und Tagespflegeperson stehen nicht in Konkurrenz zueinander sondern verstehen sich als gegenseitig unterst\u00fctzende Bezugspersonen des zu betreuenden Kindes. <\/p>\n<p>Um die bestm\u00f6gliche Betreuung und F\u00f6rderung ihres Kindes zu gew\u00e4hrleisten ist es uns wichtig, dass wir in einem st\u00e4ndigen, ehrlichen und wertsch\u00e4tzendem Austausch miteinander stehen und \u00c4nderungen oder Ver\u00e4nderungen der Lebenssituation Ihres Kindes jederzeit miteinander besprechen.<\/p>\n<p>Dass in diesem Zusammenhang pers\u00f6nliche und allgemein die Tagespflege betreffende Informationen nicht unbedacht an Dritte weitergegeben werden, versteht sich f\u00fcr uns und Sie als selbstverst\u00e4ndlich.<br \/>\nDamit sie regelm\u00e4\u00dfig \u00fcber aktuelle und bevorstehende Ereignisse Bescheid wissen, k\u00f6nnen wir uns auf folgenden Wegen austauschen:<br \/>\n\u2003<br \/>\n \tt\u00e4gliche, kurze \u201eT\u00fcr und Angel\u201c-Gespr\u00e4che beim Bringen und Holen<\/p>\n<p> \tterminierte Elterngespr\u00e4che (Elternabend)<\/p>\n<p> \tterminierte Einzelgespr\u00e4che \u2013 ohne Kinder \ud83d\ude09<\/p>\n<p> \tIn sehr dringenden F\u00e4llen k\u00f6nnen wir auch kurzfristig einen Telefontermin vereinbaren.  <\/p>\n<p>Das Einhalten von Absprachen, Terminen und Uhrzeiten ist von gro\u00dfer Wichtigkeit f\u00fcr eine dauerhaft reibungslose Zusammenarbeit! <\/p>\n","protected":false},"excerpt":{"rendered":"<div class=\"mh-excerpt\"><p>Wie handhaben wir die Zusammenarbeit mit den Eltern im HonigTigeR F\u00fcr die p\u00e4dagogische Arbeit ist die Erziehungspartnerschaft zwischen Ihnen und uns unabdingbar. Erziehungsberechtigte und Tagespflegeperson stehen nicht in Konkurrenz zueinander sondern verstehen sich als gegenseitig <a class=\"mh-excerpt-more\" href=\"https:\/\/tagesmutter-in-graben-neudorf.de\/?page_id=92\" title=\"Zusammenarbeit mit den Eltern in der Kindertagespflege\">[&#8230;]<\/a><\/p>\n<\/div>","protected":false},"author":1,"featured_media":0,"parent":0,"menu_order":0,"comment_status":"closed","ping_status":"closed","template":"","meta":{"footnotes":""},"_links":{"self":[{"href":"https:\/\/tagesmutter-in-graben-neudorf.de\/index.php?rest_route=\/wp\/v2\/pages\/92"}],"collection":[{"href":"https:\/\/tagesmutter-in-graben-neudorf.de\/index.php?rest_route=\/wp\/v2\/pages"}],"about":[{"href":"https:\/\/tagesmutter-in-graben-neudorf.de\/index.php?rest_route=\/wp\/v2\/types\/page"}],"author":[{"embeddable":true,"href":"https:\/\/tagesmutter-in-graben-neudorf.de\/index.php?rest_route=\/wp\/v2\/users\/1"}],"replies":[{"embeddable":true,"href":"https:\/\/tagesmutter-in-graben-neudorf.de\/index.php?rest_route=%2Fwp%2Fv2%2Fcomments&post=92"}],"version-history":[{"count":4,"href":"https:\/\/tagesmutter-in-graben-neudorf.de\/index.php?rest_route=\/wp\/v2\/pages\/92\/revisions"}],"predecessor-version":[{"id":215,"href":"https:\/\/tagesmutter-in-graben-neudorf.de\/index.php?rest_route=\/wp\/v2\/pages\/92\/revisions\/215"}],"wp:attachment":[{"href":"https:\/\/tagesmutter-in-graben-neudorf.de\/index.php?rest_route=%2Fwp%2Fv2%2Fmedia&parent=92"}],"curies":[{"name":"wp","href":"https:\/\/api.w.org\/{rel}","templated":true}]}}