{"id":89,"date":"2016-01-10T11:47:20","date_gmt":"2016-01-10T10:47:20","guid":{"rendered":"http:\/\/tagesmutter-in-graben-neudorf.de\/?page_id=89"},"modified":"2017-02-06T09:42:36","modified_gmt":"2017-02-06T08:42:36","slug":"hygiene-und-sicherheit-in-der-kindertagespflege","status":"publish","type":"page","link":"https:\/\/tagesmutter-in-graben-neudorf.de\/?page_id=89","title":{"rendered":"Hygiene und Sicherheit in der Kindertagespflege"},"content":{"rendered":"<h2>Wie sieht es mit der Hygiene und der Sicherheit in der Kindertagespflege aus?<\/H2><br \/>\nUnsere R\u00e4umlichkeiten wurden zuvor sowohl vom Jugendamt als auch vom Brandschutz und Veterin\u00e4ramt gepr\u00fcft und abgenommen. <\/p>\n<p>Zur Sicherheit unserer Tageskinder befinden sich in allen R\u00e4umen Rauchmelder. Im Gruppenraum befindet sich ein Feuerl\u00f6scher und in unserer K\u00fcche haben wir eine L\u00f6schdecke. Im Schlafraum, in der K\u00fcche und im Flur sind im Falle eines Falles unsere Notausg\u00e4nge. Diese sind auch so gekennzeichnet. Einen Erste-Hilfe-Kasten sowie die Brandschutzordnung nebst Fluchtplan sind vorhanden und vollst\u00e4ndig. Reinigungs- und Putzmittel sind f\u00fcr die Kinder unzug\u00e4nglich aufbewahrt.<\/p>\n<p>Alle Steckdosen sind abgesichert, scharfe Kanten an M\u00f6beln durch Gummiecken abgerundet. Es befinden sich weder in unseren R\u00e4umlichkeiten noch auf der Terrasse giftige Pflanzen. Die Terrasse ist vollst\u00e4ndig eingez\u00e4unt. <\/p>\n<p>Wir haben das Kindernotfall- und Kindersicherheits-Seminar erfolgreich absolviert und frischen dieses mindestens alle zwei Jahre auf. Desweiteren haben wir an einer Brandschutzfortbildung teilgenommen.<\/p>\n","protected":false},"excerpt":{"rendered":"<div class=\"mh-excerpt\"><p>Wie sieht es mit der Hygiene und der Sicherheit in der Kindertagespflege aus? Unsere R\u00e4umlichkeiten wurden zuvor sowohl vom Jugendamt als auch vom Brandschutz und Veterin\u00e4ramt gepr\u00fcft und abgenommen. Zur Sicherheit unserer Tageskinder befinden sich <a class=\"mh-excerpt-more\" href=\"https:\/\/tagesmutter-in-graben-neudorf.de\/?page_id=89\" title=\"Hygiene und Sicherheit in der Kindertagespflege\">[&#8230;]<\/a><\/p>\n<\/div>","protected":false},"author":1,"featured_media":0,"parent":0,"menu_order":0,"comment_status":"closed","ping_status":"closed","template":"","meta":{"footnotes":""},"_links":{"self":[{"href":"https:\/\/tagesmutter-in-graben-neudorf.de\/index.php?rest_route=\/wp\/v2\/pages\/89"}],"collection":[{"href":"https:\/\/tagesmutter-in-graben-neudorf.de\/index.php?rest_route=\/wp\/v2\/pages"}],"about":[{"href":"https:\/\/tagesmutter-in-graben-neudorf.de\/index.php?rest_route=\/wp\/v2\/types\/page"}],"author":[{"embeddable":true,"href":"https:\/\/tagesmutter-in-graben-neudorf.de\/index.php?rest_route=\/wp\/v2\/users\/1"}],"replies":[{"embeddable":true,"href":"https:\/\/tagesmutter-in-graben-neudorf.de\/index.php?rest_route=%2Fwp%2Fv2%2Fcomments&post=89"}],"version-history":[{"count":4,"href":"https:\/\/tagesmutter-in-graben-neudorf.de\/index.php?rest_route=\/wp\/v2\/pages\/89\/revisions"}],"predecessor-version":[{"id":171,"href":"https:\/\/tagesmutter-in-graben-neudorf.de\/index.php?rest_route=\/wp\/v2\/pages\/89\/revisions\/171"}],"wp:attachment":[{"href":"https:\/\/tagesmutter-in-graben-neudorf.de\/index.php?rest_route=%2Fwp%2Fv2%2Fmedia&parent=89"}],"curies":[{"name":"wp","href":"https:\/\/api.w.org\/{rel}","templated":true}]}}