{"id":82,"date":"2016-01-10T11:33:28","date_gmt":"2016-01-10T10:33:28","guid":{"rendered":"http:\/\/tagesmutter-in-graben-neudorf.de\/?page_id=82"},"modified":"2017-02-07T09:16:08","modified_gmt":"2017-02-07T08:16:08","slug":"wie-gestalte-ich-die-eingewoehnungsphase","status":"publish","type":"page","link":"https:\/\/tagesmutter-in-graben-neudorf.de\/?page_id=82","title":{"rendered":"Wie gestalten wir die Eingew\u00f6hnungsphase"},"content":{"rendered":"<h2>Eingew\u00f6hnung im HonigTigeR<\/h2>\n<h3>Warum ist die Eingew\u00f6hnung so wichtig?<\/h3>\n<p>Die Betreuung durch eine Tagesmutter bedeutet eine gro\u00dfe Umstellung f\u00fcr Ihr Kind. Daher ist es wichtig, die Eingew\u00f6hnung auf den Charakter Ihres Kindes abzustimmen und individuell zu gestalten. Die Begleitung durch Sie als Eltern bietet Ihrem Kind dabei die n\u00f6tige Sicherheit, um uns, die anderen Tageskinder, die R\u00e4ume und den Tagesablauf in Ruhe kennenzulernen. <\/p>\n<p>Durch eine langsame und begleitende Eingew\u00f6hnung k\u00f6nnen wir eine erste Beziehung zu unserem zuk\u00fcnftigen Tageskind aufbauen, w\u00e4hrend Mama und\/oder Papa noch verf\u00fcgbar sind. Das wichtigste jedoch ist: Ihr Kind bestimmt die Eingew\u00f6hnungsgeschwindigkeit.<\/p>\n<h3>Bevor es losgehen kann<\/h3>\n<p>Bevor es soweit ist, m\u00fcssen wir uns erst einmal kennenlernen. Nachdem Sie mit uns in Kontakt getreten sind, laden wir sie herzlich zu einem gegenseitigen \u201eBeschnuppern\u201c zu uns in den HonigTigeR ein. Sie k\u00f6nnen uns kennenlernen und sich nat\u00fcrlich auch die R\u00e4umlichkeiten ansehen. Dieser Besuch ist f\u00fcr beide Seiten unverbindlich. <\/p>\n<p>Bei beidseitigem Interesse vereinbaren wir einen weiteren Termin, bei dem alle wichtigen und organisatorischen Fragen und Voraussetzungen sowie der Betreuungsvertrag besprochen werden. Hier finden wichtige und verbindliche Absprachen zwischen Ihnen und uns statt. Ist der \u201ePapierkram\u201c erledigt kann die Eingew\u00f6hnung unseres neuen Tageskindes beginnen.<\/p>\n<h3>Wie gestalten wir die Eingew\u00f6hnung?<\/h3>\n<p>Wir gestalten die Eingew\u00f6hnungsphase nach dem \u201eBerliner Modell\u201c. Ein entscheidender Aspekt dieses Modells ist die gro\u00dfe Bedeutung der Unverzichtbarkeit der engen Zusammenarbeit von Eltern, Kind und Tagesmutter. Es staffelt sich in verschiedene Phasen. Diese werden wir im Vorfeld nat\u00fcrlich genau besprechen.<br \/>\n\u2003<\/p>\n<h3>Phase 1: \u201eSchnupperphase\u201c<\/h3>\n<p>Bei diesen Terminen (ca. zwei Stunden an drei Tagen) steht das gegenseitige Kennenlernen von Tageskind und Tagesmutter im Vordergrund. Sie als Elternteil bleiben w\u00e4hrend dieser Zeit \u00fcber anwesend, verhalten sich jedoch passiv. Wir nehmen immer wieder Kontakt zu Ihrem Kind auf und binden uns zunehmend mehr in das Spiel mit ein.<\/p>\n<p>Ihr Kind erlebt schon hier den rituellen Tagesablauf und lernt die g\u00e4ngigen Regeln und Grenzen kennen. <\/p>\n<h3>Phase 2: \u201eErster Abschied\u201c<\/h3>\n<p>Wenn wir nach den ersten Tagen fest stellen, dass sich Ihr Kind soweit sicher und wohl f\u00fchlt, k\u00f6nnen Sie sich f\u00fcr eine \u00fcberschaubare Zeit aus dem Geschehen zur\u00fcck ziehen. Sie werden sich an einem festen Platz aufhalten, an dem Sie f\u00fcr Ihr Kind zwar jederzeit erreichbar sind, ihm aber nicht mehr als Spielpartner zur Verf\u00fcgung stehen.<\/p>\n<p>L\u00e4sst sich Ihr Kind nun mehr und mehr von uns bespielen und auch den Kontakt zu anderen Kindern zu, k\u00f6nnen wir nach wenigen Tagen schon mit der n\u00e4chsten Phase beginnen.<\/p>\n<h3>Phase 3: \u201eTrennungs\u00fcbungen\u201c<\/h3>\n<p>Nun wird es ernst. Nachdem wir den Ablauf der Trennungsphase genau besprochen haben, verabschieden Sie sich von Ihrem Kind, bleiben aber in der N\u00e4he. Sehr wichtig ist dabei, dass sie Ihrem Kind immer sagen, wohin Sie gehen und wann Sie wiederkommen. Ein heimliches Davonschleichen darf nicht sein!<\/p>\n<p>Hat sich Ihr Kind soweit an uns gew\u00f6hnt und l\u00e4sst sich von uns tr\u00f6sten und zum Spiel animieren, k\u00f6nnen wir mit der letzen Phase beginnen.<\/p>\n<h3>Phase 4: \u201eSchlussphase\u201c<\/h3>\n<p>Nun bringen Sie Ihr Kind zu der in Zukunft gewohnten Zeit zu uns und verabschieden sich nach einer kurzen Weile.<\/p>\n<p>Ziel ist es, am Ende dieser Phase die t\u00e4gliche Betreuungszeit auf die Bed\u00fcrfnisse Ihrer Familie auszuweiten, ohne das Kind zu \u00fcberfordern. Ihr Kind gilt als eingew\u00f6hnt, sobald es sich den ganzen Tag von uns betreuen l\u00e4sst, ohne unter der Trennung von Ihnen zu leiden.<\/p>\n","protected":false},"excerpt":{"rendered":"<div class=\"mh-excerpt\"><p>Eingew\u00f6hnung im HonigTigeR Warum ist die Eingew\u00f6hnung so wichtig? Die Betreuung durch eine Tagesmutter bedeutet eine gro\u00dfe Umstellung f\u00fcr Ihr Kind. Daher ist es wichtig, die Eingew\u00f6hnung auf den Charakter Ihres Kindes abzustimmen und individuell <a class=\"mh-excerpt-more\" href=\"https:\/\/tagesmutter-in-graben-neudorf.de\/?page_id=82\" title=\"Wie gestalten wir die Eingew\u00f6hnungsphase\">[&#8230;]<\/a><\/p>\n<\/div>","protected":false},"author":1,"featured_media":0,"parent":0,"menu_order":0,"comment_status":"closed","ping_status":"closed","template":"","meta":{"footnotes":""},"_links":{"self":[{"href":"https:\/\/tagesmutter-in-graben-neudorf.de\/index.php?rest_route=\/wp\/v2\/pages\/82"}],"collection":[{"href":"https:\/\/tagesmutter-in-graben-neudorf.de\/index.php?rest_route=\/wp\/v2\/pages"}],"about":[{"href":"https:\/\/tagesmutter-in-graben-neudorf.de\/index.php?rest_route=\/wp\/v2\/types\/page"}],"author":[{"embeddable":true,"href":"https:\/\/tagesmutter-in-graben-neudorf.de\/index.php?rest_route=\/wp\/v2\/users\/1"}],"replies":[{"embeddable":true,"href":"https:\/\/tagesmutter-in-graben-neudorf.de\/index.php?rest_route=%2Fwp%2Fv2%2Fcomments&post=82"}],"version-history":[{"count":5,"href":"https:\/\/tagesmutter-in-graben-neudorf.de\/index.php?rest_route=\/wp\/v2\/pages\/82\/revisions"}],"predecessor-version":[{"id":212,"href":"https:\/\/tagesmutter-in-graben-neudorf.de\/index.php?rest_route=\/wp\/v2\/pages\/82\/revisions\/212"}],"wp:attachment":[{"href":"https:\/\/tagesmutter-in-graben-neudorf.de\/index.php?rest_route=%2Fwp%2Fv2%2Fmedia&parent=82"}],"curies":[{"name":"wp","href":"https:\/\/api.w.org\/{rel}","templated":true}]}}