{"id":79,"date":"2016-01-10T11:22:33","date_gmt":"2016-01-10T10:22:33","guid":{"rendered":"http:\/\/tagesmutter-in-graben-neudorf.de\/?page_id=79"},"modified":"2024-12-01T13:50:43","modified_gmt":"2024-12-01T12:50:43","slug":"betreuungszeiten-betreuungsanzahl-und-alter","status":"publish","type":"page","link":"https:\/\/tagesmutter-in-graben-neudorf.de\/?page_id=79","title":{"rendered":"Betreuungszeiten, Betreuungsanzahl und Alter"},"content":{"rendered":"<h2>Unsere Betreuungszeiten, die Betreuungsanzahl und das Alter der Kinder<\/h2>\n<p>Unsere Hauptbetreuungszeiten sind von Montag bis Donnerstag zwischen 08:00 Uhr und 15:30 Uhr sowie am Freitag von 08:00 Uhr bis 14:00 Uhr.<\/p>\n<h3>Betreuungsanzahl und Alter der Tageskinder<\/h3>\n<p>Als TigeR werden wir in unseren R\u00e4umlichkeiten bis zu neun gleichzeitig anwesende Kinder betreuen. Diese sind im Alter zwischen ein und drei Jahren. Unsere eigenen kleinen Sch\u00e4tze werden wir bis zur Vollendung ihres dritten Lebensjahres mit in den R\u00e4umlichkeiten betreuen.<\/p>\n<h3>Urlaub und Krankheit in der Kinderbetreuung<\/h3>\n<p>Unser Urlaub wird in der Regel langfristig vorher angek\u00fcndigt und, wenn m\u00f6glich, auch mit den Eltern abgesprochen.<\/p>\n<p>Im Urlaubs- bzw. Krankheitsfall einer Tagesmutter ist die Betreuung der Kinder durch die zweite Tagesmutter nur bei freier Kapazit\u00e4t gew\u00e4hrleistet. Auf lange Sicht wird eine Vertretungskraft f\u00fcr Sie einspringen.<\/p>\n<p>Sollte eines unserer Tageskinder eine leichte Erk\u00e4ltung haben, so wird es von uns betreut. Bei fieberhaften und ansteckenden Krankheiten kann die Tagespflege des erkrankten Tageskindes, in R\u00fccksicht auf unsere anderen M\u00e4dchen und Jungen, nicht erfolgen.<\/p>\n","protected":false},"excerpt":{"rendered":"<div class=\"mh-excerpt\"><p>Unsere Betreuungszeiten, die Betreuungsanzahl und das Alter der Kinder Unsere Hauptbetreuungszeiten sind von Montag bis Donnerstag zwischen 08:00 Uhr und 15:30 Uhr sowie am Freitag von 08:00 Uhr bis 14:00 Uhr. Betreuungsanzahl und Alter der <a class=\"mh-excerpt-more\" href=\"https:\/\/tagesmutter-in-graben-neudorf.de\/?page_id=79\" title=\"Betreuungszeiten, Betreuungsanzahl und Alter\">[&#8230;]<\/a><\/p>\n<\/div>","protected":false},"author":1,"featured_media":0,"parent":0,"menu_order":0,"comment_status":"closed","ping_status":"closed","template":"","meta":{"footnotes":""},"_links":{"self":[{"href":"https:\/\/tagesmutter-in-graben-neudorf.de\/index.php?rest_route=\/wp\/v2\/pages\/79"}],"collection":[{"href":"https:\/\/tagesmutter-in-graben-neudorf.de\/index.php?rest_route=\/wp\/v2\/pages"}],"about":[{"href":"https:\/\/tagesmutter-in-graben-neudorf.de\/index.php?rest_route=\/wp\/v2\/types\/page"}],"author":[{"embeddable":true,"href":"https:\/\/tagesmutter-in-graben-neudorf.de\/index.php?rest_route=\/wp\/v2\/users\/1"}],"replies":[{"embeddable":true,"href":"https:\/\/tagesmutter-in-graben-neudorf.de\/index.php?rest_route=%2Fwp%2Fv2%2Fcomments&post=79"}],"version-history":[{"count":10,"href":"https:\/\/tagesmutter-in-graben-neudorf.de\/index.php?rest_route=\/wp\/v2\/pages\/79\/revisions"}],"predecessor-version":[{"id":418,"href":"https:\/\/tagesmutter-in-graben-neudorf.de\/index.php?rest_route=\/wp\/v2\/pages\/79\/revisions\/418"}],"wp:attachment":[{"href":"https:\/\/tagesmutter-in-graben-neudorf.de\/index.php?rest_route=%2Fwp%2Fv2%2Fmedia&parent=79"}],"curies":[{"name":"wp","href":"https:\/\/api.w.org\/{rel}","templated":true}]}}