{"id":165,"date":"2017-02-06T09:34:50","date_gmt":"2017-02-06T08:34:50","guid":{"rendered":"http:\/\/tagesmutter-in-graben-neudorf.de\/?page_id=165"},"modified":"2018-02-15T09:04:40","modified_gmt":"2018-02-15T08:04:40","slug":"tagesablauf-in-der-kindertagespflege","status":"publish","type":"page","link":"https:\/\/tagesmutter-in-graben-neudorf.de\/?page_id=165","title":{"rendered":"Tagesablauf in der Kindertagespflege"},"content":{"rendered":"<h2>Wie ist ein gemeinsamer Tag in der Kindertagespflege aufgebaut?<\/h2>\n<p>Ein geregelter Tagesablauf ist die Grundlage f\u00fcr eine optimale Entwicklung Ihres Kindes, er gibt ihnen Sicherheit, Orientierung und ein Gef\u00fchl von Geborgenheit und Halt. <\/p>\n<p>07:00 \u2013 08:30 Uhr\tBringzeit. Bis zum Fr\u00fchst\u00fcck ist hier viel Zeit f\u00fcr freies Spielen.<\/p>\n<p>08:30 \u2013 09:00 Uhr\tgemeinsames Fr\u00fchst\u00fcck<\/p>\n<p>09:00 \u2013 10:30 Uhr\tUhr Spazieren gehen und gemeinsames Spielen drau\u00dfen an der frischen Luft (nur bei sehr schlechtem Wetter drinnen).<\/p>\n<p>10:30 \u2013 11:15 Uhr\tZubereitung des Mittagessen, w\u00e4hrend die Kinder weiter drau\u00dfen oder drinnen spielen<\/p>\n<p>11:15 \u2013 12:00 Uhr\tH\u00e4nde waschen, gemeinsam Beten und dann d\u00fcrfen wir uns das Mittagessen schmecken lassen<\/p>\n<p>12:00 \u2013 14:00 Uhr\tF\u00fcr die Kids heisst es nochmals H\u00e4nde waschen und dann ab zur Mittagsruhe<\/p>\n<p>14:00 \u2013 16:00 Uhr\tKleine Obst-Zeit und anschlie\u00dfendes Freispiel auf der Terrasse (bei schlechtem Wetter nat\u00fcrlich drinnen)<br \/>\n\u2003<br \/>\nDer Tagesablauf ist sehr stark vom Alter der Kinder abh\u00e4ngig und variiert deshalb auch ab und zu. Der hier beschriebene Ablauf dient daher als kurze \u00dcbersicht und ist unverbindlich.<\/p>\n<h3>Lieder und Spiele f\u00fcr den Stuhlkreis in der Tagespflege<\/h3>\n<p>Wir m\u00f6chten mit unseren Tageskindern jeden Morgen ein paar Lieder singen.<br \/>\nDazu haben wir uns folgende Lieder \u00fcberlegt:<\/p>\n<h4>Hallo, hallo, sch\u00f6n, dass du da bist<\/h4>\n<p>Hallo, hallo, sch\u00f6n, dass du da bist, hallo, hallo, sch\u00f6n, dass du da bist.<br \/>\nDie Hacken und die Spitzen die wollen nicht mehr sitzen. Die Hacken und die Zehen, wollen weitergehen.<\/p>\n<p>Meine H\u00e4nde sind verschwunden<\/p>\n<p>Meine H\u00e4nde sind verschwunden, ich habe keine H\u00e4nde mehr. Ei da sind die H\u00e4nde wieder, trallalala lalala<\/p>\n<p>Meine Nase ist verschwunden, ich habe keine Nase mehr. Ei da ist die Nase wieder, trallalala lalala<\/p>\n<p>Meine Augen sind verschwunden, ich habe keine Augen mehr. Ei da sind die Augen wieder, trallalala lalala.<\/p>\n<p>Meine Ohren sind verschwunden, ich habe keine Ohren mehr. Ei da sind die Ohren wieder, trallalala lalala.<\/p>\n<p>Meine Finger sind verschwunden, ich habe keine Finger mehr. Ei da sind die Finger wieder, trallalala lalala.<\/p>\n<p>Mein Mund der ist verschwunden, ich habe keinen Mund mehr. Ei da ist der Mund ja wieder, trallalala lalala.<\/p>\n<p>H\u00e4nde waschen<\/p>\n<p>H\u00e4nde waschen, H\u00e4nde waschen, muss ein jedes Kind. H\u00e4nde waschen, H\u00e4nde waschen, bis sie sauber sind. Nun sind die H\u00e4nde sauber ja, doch leider ist kein Handtuch da.<\/p>\n<p>Drum m\u00fcssen wir sie sch\u00fctteln, sch\u00fctteln, sch\u00fctteln, sch\u00fctteln.. drum m\u00fcssen wir sie sch\u00fctteln, bis das sie trocken sind.<\/p>\n<p>Haare waschen- F\u00fc\u00dfe waschen- Popo waschen<br \/>\n\u2003<\/p>\n<h4>Die R\u00e4der vom Bus<\/h4>\n<p>Die R\u00e4der vom Bus drehn sich rundherum-rundherum-rundherum. Die R\u00e4der vom Bus drehn sich rundherum, durch die ganze Stadt.<\/p>\n<p>Die T\u00fcren vom Bus gehen auf und zu-auf und zu-auf und zu. Die T\u00fcren vom Bus gehen auf und zu, durch die ganze Stadt.<\/p>\n<p>Die Hupe vom Bus macht tut tut tut-tut tut tut-tut tut tut. Die Hupe vom Bus macht tut tut tut, durch die ganze Stadt.<\/p>\n<p>Die Wischer vom Bus gehen hin und her- hin und her- hin und her. Die Wischer vom Bus gehen hin und her, durch die ganze Stadt.<\/p>\n<p>Die Babys im Bus machen w\u00e4h w\u00e4h w\u00e4h-w\u00e4h w\u00e4h w\u00e4h- w\u00e4h w\u00e4h w\u00e4h. Die Babys im Bus machen w\u00e4h w\u00e4h w\u00e4h, durch die ganze Stadt.<\/p>\n<p>Die Mamas im Bus machen psst psst psst-psst psst psst-psst psst psst. Die Mamas im Bus machen psst psst psst, durch die ganze Stadt.<\/p>\n<p>Die Reise mit dem Bus die ist vorbei-ist vorbei-ist vorbei. Die Reise mit dem Bus die ist vorbei, leider vorbei.<\/p>\n<h4>Die Maus auf Weltraumreise<\/h4>\n<p>Ich habe eine Maus gesehen, die wollt auf Weltraumreise gehen. Sie packt in ihren Koffer rein, was man so braucht als M\u00e4uselein.<\/p>\n<p>Den Raumanzug -zug-zug, f\u00fcr ihren Flug, Flug, Flug, den Raumanzug -zug-zug, f\u00fcr ihren Flug.<\/p>\n<p>Ich habe eine Maus gesehen, die wollt auf Weltraumreise gehen. Sie packt in ihren Koffer rein, was man so braucht als M\u00e4uselein.<\/p>\n<p>Die Batterie -rie-rie, als Energie gie-gie, die Batterie rie-rie als Energie gie \u2013 gie. Den Raumanzug zug-zug, f\u00fcr ihren Flug, Flug, Flug, den Raumanzug zug-zug, f\u00fcr ihren Flug.<\/p>\n<p>Ich habe eine Maus gesehen, die wollt auf Weltraumreise gehen. Sie packt in ihren Koffer rein, was man so braucht als M\u00e4uselein.<\/p>\n<p>Das Mikrofon fon-fon , f\u00fcr den Ton Ton-Ton, das Mikrofon fon-fon , f\u00fcr den Ton Ton-Ton. Die Batterie rie-rie als Energie gie-gie, die Batterie rie-rie als Energie gie-gie. Den Raumanzug zug-zug, f\u00fcr ihren Flug -Flug-Flug. Den Raumanzug zug-zug, f\u00fcr ihren Flug.<\/p>\n<p>Ich habe eine Maus gesehen, die wollt auf Weltraumreise gehen. Sie packt in ihren Koffer ein, was man so braucht als M\u00e4uselein.<\/p>\n<p>Auch etwas Speck Speck-Speck, kommt ins Gep\u00e4ck p\u00e4ck-p\u00e4ck. Auch etwas Speck Speck-Speck, kommt ins Gep\u00e4ck p\u00e4ck-p\u00e4ck. Das Mikrofon fon-fon, f\u00fcr den Ton Ton-Ton, das Mikrofon fon-fon, f\u00fcr den Ton Ton-Ton. Die Batterie rie-rie, als Energie gie-gie, die Batterie rie-rie, als Energie gie-gie.<\/p>\n<p>Den Raumanzug zug-zug, f\u00fcr ihren Flug Flug-Flug. Den Raumanzug zug-zug f\u00fcr ihrne Flug.<\/p>\n<h4>Tischspruch in der Kindertagespflege:<\/h4>\n<p>Piep, piep, piep, wir haben uns alle lieb, Guten Appetit.<br \/>\nJeder isst so viel er kann, nur nicht seinen Nebenmann. Und jetzt nehmen wir\u2019s ganz genau-auch nicht seine Nebenfrau.<\/p>\n","protected":false},"excerpt":{"rendered":"<div class=\"mh-excerpt\"><p>Wie ist ein gemeinsamer Tag in der Kindertagespflege aufgebaut? Ein geregelter Tagesablauf ist die Grundlage f\u00fcr eine optimale Entwicklung Ihres Kindes, er gibt ihnen Sicherheit, Orientierung und ein Gef\u00fchl von Geborgenheit und Halt. 07:00 \u2013 <a class=\"mh-excerpt-more\" href=\"https:\/\/tagesmutter-in-graben-neudorf.de\/?page_id=165\" title=\"Tagesablauf in der Kindertagespflege\">[&#8230;]<\/a><\/p>\n<\/div>","protected":false},"author":1,"featured_media":0,"parent":0,"menu_order":0,"comment_status":"closed","ping_status":"closed","template":"","meta":{"footnotes":""},"_links":{"self":[{"href":"https:\/\/tagesmutter-in-graben-neudorf.de\/index.php?rest_route=\/wp\/v2\/pages\/165"}],"collection":[{"href":"https:\/\/tagesmutter-in-graben-neudorf.de\/index.php?rest_route=\/wp\/v2\/pages"}],"about":[{"href":"https:\/\/tagesmutter-in-graben-neudorf.de\/index.php?rest_route=\/wp\/v2\/types\/page"}],"author":[{"embeddable":true,"href":"https:\/\/tagesmutter-in-graben-neudorf.de\/index.php?rest_route=\/wp\/v2\/users\/1"}],"replies":[{"embeddable":true,"href":"https:\/\/tagesmutter-in-graben-neudorf.de\/index.php?rest_route=%2Fwp%2Fv2%2Fcomments&post=165"}],"version-history":[{"count":3,"href":"https:\/\/tagesmutter-in-graben-neudorf.de\/index.php?rest_route=\/wp\/v2\/pages\/165\/revisions"}],"predecessor-version":[{"id":234,"href":"https:\/\/tagesmutter-in-graben-neudorf.de\/index.php?rest_route=\/wp\/v2\/pages\/165\/revisions\/234"}],"wp:attachment":[{"href":"https:\/\/tagesmutter-in-graben-neudorf.de\/index.php?rest_route=%2Fwp%2Fv2%2Fmedia&parent=165"}],"curies":[{"name":"wp","href":"https:\/\/api.w.org\/{rel}","templated":true}]}}