{"id":142,"date":"2017-02-06T09:02:24","date_gmt":"2017-02-06T08:02:24","guid":{"rendered":"http:\/\/tagesmutter-in-graben-neudorf.de\/?page_id=142"},"modified":"2025-11-28T15:19:01","modified_gmt":"2025-11-28T14:19:01","slug":"ueber-uns-als-tagesmutter","status":"publish","type":"page","link":"https:\/\/tagesmutter-in-graben-neudorf.de\/","title":{"rendered":"\u00dcber uns als Tagesmutter"},"content":{"rendered":"<h2>Die Tagesm\u00fctter stellen sich vor<\/h2>\n<p><img loading=\"lazy\" decoding=\"async\" class=\"alignleft wp-image-140 size-full\" title=\"Tagesmutter Christin\" src=\"https:\/\/tagesmutter-in-graben-neudorf.de\/wp-content\/uploads\/2015\/10\/Christin-001.jpg\" width=\"150\" height=\"200\" \/><\/p>\n<h3>Tagesmutter Christin<\/h3>\n<p>Hallo Liebe Eltern, mein Name ist Christin Kanowitz und ich wohne seit M\u00e4rz 2014 mit meiner kleinen Familie im sch\u00f6nen Graben-Neudorf. Ich bin 1982 in S\u00f6mmerda zur Welt gekommen. Bis zur Geburt meines Sohnes Timm stand ich voll im Berufsleben.<\/p>\n<p>Ich bin gelernte Einzelhandelskauffrau und habe viele Jahre in diesem Bereich gearbeitet. Im Dezember 2015 habe ich meine Qualifikation zur Tagesmutter erfolgreich abgeschlossen.<\/p>\n<p>Seit M\u00e4rz 2016 arbeite ich als Tagesmutter und habe bisher viele sch\u00f6ne Zeiten mit meinen Tageskindern erlebt. Ich freue mich jeden Tag auf die Arbeit und meine Tageskinder. F\u00fcr mich ist der Beruf der Tagesmutter wie ein Traum, der wahr geworden ist. Bisher habe ich meine Tageskinder bei mir zu Hause betreut. Die neuen R\u00e4umlichkeiten bieten jetzt aber noch mehr Platz f\u00fcr die Kinder und wurden kindergerecht eingerichtet.<\/p>\n<h3><img loading=\"lazy\" decoding=\"async\" class=\"size-full wp-image-369 alignleft\" src=\"https:\/\/tagesmutter-in-graben-neudorf.de\/wp-content\/uploads\/2023\/01\/150-x-200-Francesca.jpg\" alt=\"\" width=\"150\" height=\"200\" \/>Tagesmutter Francesca\u00a0<\/h3>\n<p>Ich hei\u00dfe Francesca Corsi, lebe mit meiner kleinen Familie, dazu geh\u00f6ren mein Mann, unsere Tochter und unsere zwei Katzen seit 2015 im sch\u00f6nen Graben-Neudorf.<\/p>\n<p>Seit dem 1.2.2023 verst\u00e4rke ich das Team als Tagesmutter im HonigTigeR. In dieser Zeit habe ich meine Stelle sehr zu sch\u00e4tzen gelernt und freue mich auf meine t\u00e4gliche Arbeit. Ich bin gelernte Erzieherin und habe viele Jahre im Kindergarten gearbeitet. In dieser Zeit konnte ich einiges an Erfahrung mit Kindern sammeln und habe viele sch\u00f6ne Momente erlebt.<\/p>\n<p>Wir spielen im HonigTigeR mit ihrem Kleinkind, f\u00f6rdern es in der sozialen, pers\u00f6nlichen sowie sprachlichen Entwicklung und geben ihm Liebe und Geborgenheit. Tagespflegeperson zu sein ist f\u00fcr mich eine sehr <b>verantwortungsvolle Aufgabe<\/b>. Darum habe ich mich entschieden, als Tagesmutter in Graben-Neudorf zu arbeiten.\u00a0<\/p>\n<p>Ich m\u00f6chte nun an diese tollen Augenblicke ankn\u00fcpfen und meine Kenntnisse im HonigTigeR einbringen. Kinder sind etwas Wundvolles und Kostbares und ich freue mich darauf ihre Kleinkinder zu betreuen.<\/p>\n\n<div class=\"wp-block-image\">\n<figure class=\"alignleft size-full is-resized\"><a href=\"https:\/\/tagesmutter-in-graben-neudorf.de\/wp-content\/uploads\/2025\/11\/SilkeWeb-1.jpg\"><img loading=\"lazy\" decoding=\"async\" src=\"https:\/\/tagesmutter-in-graben-neudorf.de\/wp-content\/uploads\/2025\/11\/SilkeWeb-1.jpg\" alt=\"\" class=\"wp-image-429\" width=\"150\" height=\"200\"\/><\/a><\/figure><\/div>\n\n\n<p><strong>Tagesmutter Silke<br><\/strong>Meine Name ist Silke Lehmann. Ich wohne in Graben-Neudorf und unterst\u00fctze das HonigTigeR Team seit August 2025.<\/p>\n","protected":false},"excerpt":{"rendered":"<div class=\"mh-excerpt\"><p>Die Tagesm\u00fctter stellen sich vor Tagesmutter Christin Hallo Liebe Eltern, mein Name ist Christin Kanowitz und ich wohne seit M\u00e4rz 2014 mit meiner kleinen Familie im sch\u00f6nen Graben-Neudorf. Ich bin 1982 in S\u00f6mmerda zur Welt <a class=\"mh-excerpt-more\" href=\"https:\/\/tagesmutter-in-graben-neudorf.de\/\" title=\"\u00dcber uns als Tagesmutter\">[&#8230;]<\/a><\/p>\n<\/div>","protected":false},"author":1,"featured_media":0,"parent":0,"menu_order":0,"comment_status":"closed","ping_status":"closed","template":"","meta":{"footnotes":""},"_links":{"self":[{"href":"https:\/\/tagesmutter-in-graben-neudorf.de\/index.php?rest_route=\/wp\/v2\/pages\/142"}],"collection":[{"href":"https:\/\/tagesmutter-in-graben-neudorf.de\/index.php?rest_route=\/wp\/v2\/pages"}],"about":[{"href":"https:\/\/tagesmutter-in-graben-neudorf.de\/index.php?rest_route=\/wp\/v2\/types\/page"}],"author":[{"embeddable":true,"href":"https:\/\/tagesmutter-in-graben-neudorf.de\/index.php?rest_route=\/wp\/v2\/users\/1"}],"replies":[{"embeddable":true,"href":"https:\/\/tagesmutter-in-graben-neudorf.de\/index.php?rest_route=%2Fwp%2Fv2%2Fcomments&post=142"}],"version-history":[{"count":43,"href":"https:\/\/tagesmutter-in-graben-neudorf.de\/index.php?rest_route=\/wp\/v2\/pages\/142\/revisions"}],"predecessor-version":[{"id":431,"href":"https:\/\/tagesmutter-in-graben-neudorf.de\/index.php?rest_route=\/wp\/v2\/pages\/142\/revisions\/431"}],"wp:attachment":[{"href":"https:\/\/tagesmutter-in-graben-neudorf.de\/index.php?rest_route=%2Fwp%2Fv2%2Fmedia&parent=142"}],"curies":[{"name":"wp","href":"https:\/\/api.w.org\/{rel}","templated":true}]}}