{"id":12,"date":"2015-07-13T19:21:37","date_gmt":"2015-07-13T17:21:37","guid":{"rendered":"http:\/\/tagesmutter-in-graben-neudorf.de\/?page_id=12"},"modified":"2021-03-14T13:32:14","modified_gmt":"2021-03-14T12:32:14","slug":"betreuungskonzept-als-tagesmutter","status":"publish","type":"page","link":"https:\/\/tagesmutter-in-graben-neudorf.de\/?page_id=12","title":{"rendered":"Betreuungskonzept als Tagesmutter"},"content":{"rendered":"<h2>Unser Betreuungskonzept als Tagesmutter<\/h2>\n<p>Bei der Ausarbeitung unseres Betreuungskonzeptes als <strong>Tagesmutter<\/strong> haben wir versucht, aktuelle Erkenntnisse aus der Kinderbetreuung und eigene Erfahrungen aus diesem Bereich miteinander zu vereinen. Das entstandene Konzept ist daher genau auf die Bed\u00fcrfnisse der Eltern und Tageskinder ausgerichtet. Wir sind aber auch offen f\u00fcr neue Ideen und Anregungen.<\/p>\n<h3>Die Eingew\u00f6hnungsphase<\/h3>\n<p>Die Betreuung durch und als <strong>Tagesmutter<\/strong> bedeutet eine gro\u00dfe Umstellung f\u00fcr ihr Kind. Daher ist es wichtig, die Eingew\u00f6hnung individuell auf den Charakter ihres Kindes abzustimmen. Die Begleitung durch sie als Eltern bieten ihrem Kind dabei die n\u00f6tige Sicherheit, um uns Tagesm\u00fctter, die anderen Kinder, die R\u00e4ume und den Tagesablauf in Ruhe kennenzulernen.<\/p>\n<h3>Das Spielen<\/h3>\n<p>Spielen ist f\u00fcr die Entwicklung ihres Kindes wichtig. Durch Basteln und Malen werden Phantasie und Kreativit\u00e4t ihres Kindes angeregt, die Vorstellungskraft gef\u00f6rdert und die Feinmotorik trainiert. Das Vorlesen von M\u00e4rchen f\u00f6rdert die Konzentration. Das Geh\u00f6rte kann sp\u00e4ter nachgespielt oder gemalt werden. Im freien Spiel \u00fcben unsere Tageskinder abgeschaute Alltagssituationen, verarbeiten erlebte Situationen oder geh\u00f6rte Geschichten. Da unsere Tageskinder das Spiel selbst bestimmen, m\u00fcssen sie auch die verschiedenen W\u00fcnsche selbst\u00e4ndig aufeinander abstimmen. Auf diese Weise werden Sozialverhalten und Kompromissbereitschaft geschult. Durch Gesellschaftsspiele lernen unsere Tageskinder, Regeln einzuhalten, richtig zu kombinieren und im Team zu arbeiten. Bei Spazierg\u00e4ngen in der Natur k\u00f6nnen unsere Tageskinder ihre Umwelt erforschen. Sie lernen ihre Phantasie einzusetzen, anstatt vorgegebene Abl\u00e4ufe nachzuahmen. Selbstverst\u00e4ndlich informieren wir sie als Eltern regelm\u00e4\u00dfig \u00fcber alle Fortschritte und nehmen auch gern neue Vorschl\u00e4ge f\u00fcr Spiele auf.<\/p>\n<h3>Die Sauberkeits- und Selbst\u00e4ndigkeitserziehung<\/h3>\n<p>Das Vorgehen bei der Sauberkeits- und Selbst\u00e4ndigkeitserziehung erfolgt grunds\u00e4tzlich ohne Druck, da jedes Kind sein eigenes Lerntempo hat. Mit viel Lob \u00fcben wir dem Alter entsprechend mit den Kindern auf spielerische Art und Weise das Trockenwerden, H\u00e4ndewaschen, Z\u00e4hneputzen, Essen am Tisch, An- und Ausziehen und viele andere Dinge des t\u00e4glichen Lebens. So k\u00f6nnen unsere Tageskinder Vertrauen in die eigenen F\u00e4higkeiten entwickeln, ihr Selbstbewusstsein st\u00e4rken und selbst\u00e4ndiger werden.<\/p>\n<h3>Das Essen<\/h3>\n<p>Alle Mahlzeiten werden gemeinsam in der K\u00fcche eingenommen. F\u00fcr jede Woche erstellen wir einen Speiseplan, bei dem wir versuchen, auch auf die W\u00fcnsche und Vorlieben unserer Tageskinder einzugehen. So k\u00f6nnen wir auf die Vorgaben der Eltern bei Unvertr\u00e4glichkeiten oder Allergien eingehen. Selbstverst\u00e4ndlich ist in Absprache mit den Eltern auch die Fortsetzung der Ern\u00e4hrungsumstellung m\u00f6glich.<\/p>\n<h3>Das Schlafen<\/h3>\n<p>In Abh\u00e4ngigkeit vom Alter hat jedes Kind seinen eigenen Schlafrhythmus. Besonders kleine Kinder brauchen jedoch ihren Mittagsschlaf. In einem separaten Schlafraum mit mehreren Kinderbetten finden sie die n\u00f6tige Ruhe daf\u00fcr. Gr\u00f6\u00dfere Kinder, die nicht mehr schlafen m\u00f6chten, k\u00f6nnen sich in dieser Zeit leise besch\u00e4ftigen.<\/p>\n<h3>Die Abl\u00f6sephase<\/h3>\n<p>Die Abl\u00f6sung ist ebenso wie die Eingew\u00f6hnung nicht einfach f\u00fcr ein Kind und erfordert daher viel Einf\u00fchlungsverm\u00f6gen. Die Abstimmung mit ihnen als Eltern \u00fcber das Vorgehen ist dabei besonders wichtig. Etwa vier Wochen vorher wird ihr Kind \u00fcber den Abschied informiert und mit positiven Gespr\u00e4chen oder geeigneten B\u00fcchern behutsam auf das bevorstehende Ereignis vorbereitet. Ein kleines Geschenk soll am letzten Tag den Abschied noch etwas erleichtern.<\/p>\n<p>Unser Betreuungskonzept als <strong>Tagesmutter<\/strong> beruht auch auf den Erfahrungen, die wir mit unseren eigenen Kindern gesammelt haben. Die Regelm\u00e4\u00dfigkeiten und vertrauten Abl\u00e4ufe helfen Ihrem Kind sich schnell wohl zu f\u00fchlen.<\/p>\n","protected":false},"excerpt":{"rendered":"<div class=\"mh-excerpt\"><p>Unser Betreuungskonzept als Tagesmutter Bei der Ausarbeitung unseres Betreuungskonzeptes als Tagesmutter haben wir versucht, aktuelle Erkenntnisse aus der Kinderbetreuung und eigene Erfahrungen aus diesem Bereich miteinander zu vereinen. Das entstandene Konzept ist daher genau auf <a class=\"mh-excerpt-more\" href=\"https:\/\/tagesmutter-in-graben-neudorf.de\/?page_id=12\" title=\"Betreuungskonzept als Tagesmutter\">[&#8230;]<\/a><\/p>\n<\/div>","protected":false},"author":1,"featured_media":0,"parent":0,"menu_order":0,"comment_status":"closed","ping_status":"closed","template":"","meta":{"footnotes":""},"_links":{"self":[{"href":"https:\/\/tagesmutter-in-graben-neudorf.de\/index.php?rest_route=\/wp\/v2\/pages\/12"}],"collection":[{"href":"https:\/\/tagesmutter-in-graben-neudorf.de\/index.php?rest_route=\/wp\/v2\/pages"}],"about":[{"href":"https:\/\/tagesmutter-in-graben-neudorf.de\/index.php?rest_route=\/wp\/v2\/types\/page"}],"author":[{"embeddable":true,"href":"https:\/\/tagesmutter-in-graben-neudorf.de\/index.php?rest_route=\/wp\/v2\/users\/1"}],"replies":[{"embeddable":true,"href":"https:\/\/tagesmutter-in-graben-neudorf.de\/index.php?rest_route=%2Fwp%2Fv2%2Fcomments&post=12"}],"version-history":[{"count":7,"href":"https:\/\/tagesmutter-in-graben-neudorf.de\/index.php?rest_route=\/wp\/v2\/pages\/12\/revisions"}],"predecessor-version":[{"id":209,"href":"https:\/\/tagesmutter-in-graben-neudorf.de\/index.php?rest_route=\/wp\/v2\/pages\/12\/revisions\/209"}],"wp:attachment":[{"href":"https:\/\/tagesmutter-in-graben-neudorf.de\/index.php?rest_route=%2Fwp%2Fv2%2Fmedia&parent=12"}],"curies":[{"name":"wp","href":"https:\/\/api.w.org\/{rel}","templated":true}]}}